{"id":39318,"date":"2024-07-01T09:36:40","date_gmt":"2024-07-01T09:36:40","guid":{"rendered":"https:\/\/restoretourism.eu\/resultados\/"},"modified":"2025-05-11T10:31:20","modified_gmt":"2025-05-11T10:31:20","slug":"resultados","status":"publish","type":"page","link":"https:\/\/restoretourism.eu\/pt-pt\/resultados\/","title":{"rendered":"Resultados"},"content":{"rendered":"\t\t<div data-elementor-type=\"wp-page\" data-elementor-id=\"39318\" class=\"elementor elementor-39318 elementor-16328\" data-elementor-post-type=\"page\">\n\t\t\t\t<div class=\"elementor-element elementor-element-319da42 e-con-full e-flex e-con e-parent\" data-id=\"319da42\" data-element_type=\"container\" data-e-type=\"container\">\n\t\t<div class=\"elementor-element elementor-element-a58a33d e-flex e-con-boxed e-con e-child\" data-id=\"a58a33d\" data-element_type=\"container\" data-e-type=\"container\">\n\t\t\t\t\t<div class=\"e-con-inner\">\n\t\t<div class=\"elementor-element elementor-element-d2afaed e-flex e-con-boxed e-con e-child\" data-id=\"d2afaed\" data-element_type=\"container\" data-e-type=\"container\">\n\t\t\t\t\t<div class=\"e-con-inner\">\n\t\t<div class=\"elementor-element elementor-element-bc04f35 e-con-full e-flex e-con e-child\" data-id=\"bc04f35\" data-element_type=\"container\" data-e-type=\"container\">\n\t\t<div class=\"elementor-element elementor-element-24451c9 e-con-full e-flex e-con e-child\" data-id=\"24451c9\" data-element_type=\"container\" data-e-type=\"container\" data-settings=\"{&quot;background_background&quot;:&quot;classic&quot;,&quot;position&quot;:&quot;absolute&quot;}\">\n\t\t\t\t<div class=\"elementor-element elementor-element-ab9d366 elementor-widget elementor-widget-the7-heading\" data-id=\"ab9d366\" data-element_type=\"widget\" data-e-type=\"widget\" data-widget_type=\"the7-heading.default\">\n\t\t\t\t<div class=\"elementor-widget-container\">\n\t\t\t\t\t<div class=\"the7-heading-title elementor-size-default\">01<\/div>\t\t\t\t<\/div>\n\t\t\t\t<\/div>\n\t\t\t\t<\/div>\n\t\t<div class=\"elementor-element elementor-element-1681253 e-con-full e-flex e-con e-child\" data-id=\"1681253\" data-element_type=\"container\" data-e-type=\"container\">\n\t\t\t\t<div class=\"elementor-element elementor-element-148e035 content-align-mobile-left content-align-left the7-hover-visibility-disabled preserve-img-ratio-cover transform-overlay-yes exceeding-frame-yes elementor-widget elementor-widget-the7-image-widget\" data-id=\"148e035\" data-element_type=\"widget\" data-e-type=\"widget\" data-settings=\"{&quot;hover_visibility&quot;:&quot;disabled&quot;}\" data-widget_type=\"the7-image-widget.default\">\n\t\t\t\t<div class=\"elementor-widget-container\">\n\t\t\t\t\t<div class=\"the7-image-container\"><div class=\"the7-image-wrapper the7-elementor-widget the7-transform-container\"><div class=\"post-thumbnail-rollover layzr-bg img-css-resize-wrapper\"><img fetchpriority=\"high\" decoding=\"async\" width=\"1920\" height=\"1080\" src=\"data:image\/svg+xml,%3Csvg%20xmlns%3D&#039;http%3A%2F%2Fwww.w3.org%2F2000%2Fsvg&#039;%20viewBox%3D&#039;0%200%201920%201080&#039;%2F%3E\" class=\"attachment-full size-full preload-me aspect lazy lazy-load\" alt=\"Result 1_RESTORE\" sizes=\"(max-width: 1920px) 100vw, 1920px\" style=\"--ratio: 1920 \/ 1080;\" data-src=\"https:\/\/restoretourism.eu\/wp-content\/uploads\/2025\/04\/Result-1_RESTORE.jpg\" loading=\"eager\" data-srcset=\"https:\/\/restoretourism.eu\/wp-content\/uploads\/2025\/04\/Result-1_RESTORE.jpg 1920w, https:\/\/restoretourism.eu\/wp-content\/uploads\/2025\/04\/Result-1_RESTORE-300x169.jpg 300w, https:\/\/restoretourism.eu\/wp-content\/uploads\/2025\/04\/Result-1_RESTORE-1024x576.jpg 1024w, https:\/\/restoretourism.eu\/wp-content\/uploads\/2025\/04\/Result-1_RESTORE-768x432.jpg 768w, https:\/\/restoretourism.eu\/wp-content\/uploads\/2025\/04\/Result-1_RESTORE-1536x864.jpg 1536w, https:\/\/restoretourism.eu\/wp-content\/uploads\/2025\/04\/Result-1_RESTORE-600x338.jpg 600w\" \/><\/div><\/div><\/div>\t\t\t\t<\/div>\n\t\t\t\t<\/div>\n\t\t\t\t<\/div>\n\t\t<div class=\"elementor-element elementor-element-a7be794 e-con-full e-flex e-con e-child\" data-id=\"a7be794\" data-element_type=\"container\" data-e-type=\"container\">\n\t\t\t\t<div class=\"elementor-element elementor-element-f43822a elementor-widget elementor-widget-heading\" data-id=\"f43822a\" data-element_type=\"widget\" data-e-type=\"widget\" data-widget_type=\"heading.default\">\n\t\t\t\t<div class=\"elementor-widget-container\">\n\t\t\t\t\t<h6 class=\"elementor-heading-title elementor-size-default\">RESTORE Forma\u00e7\u00e3o de Formadores - Curso Online Aberto em Massa, pilotado com 20 formadores de RH\/adultos<\/h6>\t\t\t\t<\/div>\n\t\t\t\t<\/div>\n\t\t\t\t<\/div>\n\t\t\t\t<\/div>\n\t\t<div class=\"elementor-element elementor-element-a512022 e-con-full e-flex e-con e-child\" data-id=\"a512022\" data-element_type=\"container\" data-e-type=\"container\">\n\t\t<div class=\"elementor-element elementor-element-45ea2d8 e-con-full e-flex e-con e-child\" data-id=\"45ea2d8\" data-element_type=\"container\" data-e-type=\"container\" data-settings=\"{&quot;background_background&quot;:&quot;classic&quot;,&quot;position&quot;:&quot;absolute&quot;}\">\n\t\t\t\t<div class=\"elementor-element elementor-element-bfee4ab elementor-widget elementor-widget-the7-heading\" data-id=\"bfee4ab\" data-element_type=\"widget\" data-e-type=\"widget\" data-widget_type=\"the7-heading.default\">\n\t\t\t\t<div class=\"elementor-widget-container\">\n\t\t\t\t\t<div class=\"the7-heading-title elementor-size-default\">02<\/div>\t\t\t\t<\/div>\n\t\t\t\t<\/div>\n\t\t\t\t<\/div>\n\t\t<div class=\"elementor-element elementor-element-352fa39 e-con-full e-flex e-con e-child\" data-id=\"352fa39\" data-element_type=\"container\" data-e-type=\"container\">\n\t\t\t\t<div class=\"elementor-element elementor-element-031cee8 elementor-widget elementor-widget-heading\" data-id=\"031cee8\" data-element_type=\"widget\" data-e-type=\"widget\" data-widget_type=\"heading.default\">\n\t\t\t\t<div class=\"elementor-widget-container\">\n\t\t\t\t\t<h6 class=\"elementor-heading-title elementor-size-default\">Curso de forma\u00e7\u00e3o RESTORE pilotado com 20 empres\u00e1rios e profissionais de MPMEs do sector do turismo\n<\/h6>\t\t\t\t<\/div>\n\t\t\t\t<\/div>\n\t\t\t\t<\/div>\n\t\t<div class=\"elementor-element elementor-element-dccb1cb e-con-full e-flex e-con e-child\" data-id=\"dccb1cb\" data-element_type=\"container\" data-e-type=\"container\">\n\t\t\t\t<div class=\"elementor-element elementor-element-3f76d26 content-align-mobile-right content-align-left the7-hover-visibility-disabled preserve-img-ratio-cover transform-overlay-yes exceeding-frame-yes elementor-widget elementor-widget-the7-image-widget\" data-id=\"3f76d26\" data-element_type=\"widget\" data-e-type=\"widget\" data-settings=\"{&quot;hover_visibility&quot;:&quot;disabled&quot;}\" data-widget_type=\"the7-image-widget.default\">\n\t\t\t\t<div class=\"elementor-widget-container\">\n\t\t\t\t\t<div class=\"the7-image-container\"><div class=\"the7-image-wrapper the7-elementor-widget the7-transform-container\"><div class=\"post-thumbnail-rollover layzr-bg img-css-resize-wrapper\"><img decoding=\"async\" width=\"1920\" height=\"1080\" src=\"data:image\/svg+xml,%3Csvg%20xmlns%3D&#039;http%3A%2F%2Fwww.w3.org%2F2000%2Fsvg&#039;%20viewBox%3D&#039;0%200%201920%201080&#039;%2F%3E\" class=\"attachment-full size-full preload-me aspect lazy lazy-load\" alt=\"Result 2_RESTORE\" sizes=\"(max-width: 1920px) 100vw, 1920px\" style=\"--ratio: 1920 \/ 1080;\" data-src=\"https:\/\/restoretourism.eu\/wp-content\/uploads\/2025\/04\/Result-2_RESTORE.jpg\" loading=\"eager\" data-srcset=\"https:\/\/restoretourism.eu\/wp-content\/uploads\/2025\/04\/Result-2_RESTORE.jpg 1920w, https:\/\/restoretourism.eu\/wp-content\/uploads\/2025\/04\/Result-2_RESTORE-300x169.jpg 300w, https:\/\/restoretourism.eu\/wp-content\/uploads\/2025\/04\/Result-2_RESTORE-1024x576.jpg 1024w, https:\/\/restoretourism.eu\/wp-content\/uploads\/2025\/04\/Result-2_RESTORE-768x432.jpg 768w, https:\/\/restoretourism.eu\/wp-content\/uploads\/2025\/04\/Result-2_RESTORE-1536x864.jpg 1536w, https:\/\/restoretourism.eu\/wp-content\/uploads\/2025\/04\/Result-2_RESTORE-600x338.jpg 600w\" \/><\/div><\/div><\/div>\t\t\t\t<\/div>\n\t\t\t\t<\/div>\n\t\t\t\t<\/div>\n\t\t\t\t<\/div>\n\t\t<div class=\"elementor-element elementor-element-63c0150 e-con-full e-flex e-con e-child\" data-id=\"63c0150\" data-element_type=\"container\" data-e-type=\"container\">\n\t\t<div class=\"elementor-element elementor-element-ecf4036 e-con-full e-flex e-con e-child\" data-id=\"ecf4036\" data-element_type=\"container\" data-e-type=\"container\" data-settings=\"{&quot;background_background&quot;:&quot;classic&quot;,&quot;position&quot;:&quot;absolute&quot;}\">\n\t\t\t\t<div class=\"elementor-element elementor-element-514be1b elementor-widget elementor-widget-the7-heading\" data-id=\"514be1b\" data-element_type=\"widget\" data-e-type=\"widget\" data-widget_type=\"the7-heading.default\">\n\t\t\t\t<div class=\"elementor-widget-container\">\n\t\t\t\t\t<div class=\"the7-heading-title elementor-size-default\">03<\/div>\t\t\t\t<\/div>\n\t\t\t\t<\/div>\n\t\t\t\t<\/div>\n\t\t<div class=\"elementor-element elementor-element-49e4dfe e-con-full e-flex e-con e-child\" data-id=\"49e4dfe\" data-element_type=\"container\" data-e-type=\"container\">\n\t\t\t\t<div class=\"elementor-element elementor-element-1aa9fe0 content-align-mobile-left content-align-left the7-hover-visibility-disabled preserve-img-ratio-cover transform-overlay-yes exceeding-frame-yes elementor-widget elementor-widget-the7-image-widget\" data-id=\"1aa9fe0\" data-element_type=\"widget\" data-e-type=\"widget\" data-settings=\"{&quot;hover_visibility&quot;:&quot;disabled&quot;}\" data-widget_type=\"the7-image-widget.default\">\n\t\t\t\t<div class=\"elementor-widget-container\">\n\t\t\t\t\t<div class=\"the7-image-container\"><div class=\"the7-image-wrapper the7-elementor-widget the7-transform-container\"><div class=\"post-thumbnail-rollover layzr-bg img-css-resize-wrapper\"><img decoding=\"async\" width=\"1920\" height=\"1080\" src=\"data:image\/svg+xml,%3Csvg%20xmlns%3D&#039;http%3A%2F%2Fwww.w3.org%2F2000%2Fsvg&#039;%20viewBox%3D&#039;0%200%201920%201080&#039;%2F%3E\" class=\"attachment-full size-full preload-me aspect lazy lazy-load\" alt=\"Result 3_RESTORE\" sizes=\"(max-width: 1920px) 100vw, 1920px\" style=\"--ratio: 1920 \/ 1080;\" data-src=\"https:\/\/restoretourism.eu\/wp-content\/uploads\/2025\/04\/Result-3_RESTORE-1.jpg\" loading=\"eager\" data-srcset=\"https:\/\/restoretourism.eu\/wp-content\/uploads\/2025\/04\/Result-3_RESTORE-1.jpg 1920w, https:\/\/restoretourism.eu\/wp-content\/uploads\/2025\/04\/Result-3_RESTORE-1-300x169.jpg 300w, https:\/\/restoretourism.eu\/wp-content\/uploads\/2025\/04\/Result-3_RESTORE-1-1024x576.jpg 1024w, https:\/\/restoretourism.eu\/wp-content\/uploads\/2025\/04\/Result-3_RESTORE-1-768x432.jpg 768w, https:\/\/restoretourism.eu\/wp-content\/uploads\/2025\/04\/Result-3_RESTORE-1-1536x864.jpg 1536w, https:\/\/restoretourism.eu\/wp-content\/uploads\/2025\/04\/Result-3_RESTORE-1-600x338.jpg 600w\" \/><\/div><\/div><\/div>\t\t\t\t<\/div>\n\t\t\t\t<\/div>\n\t\t\t\t<\/div>\n\t\t<div class=\"elementor-element elementor-element-f295cb4 e-con-full e-flex e-con e-child\" data-id=\"f295cb4\" data-element_type=\"container\" data-e-type=\"container\">\n\t\t\t\t<div class=\"elementor-element elementor-element-c8c6455 elementor-widget elementor-widget-heading\" data-id=\"c8c6455\" data-element_type=\"widget\" data-e-type=\"widget\" data-widget_type=\"heading.default\">\n\t\t\t\t<div class=\"elementor-widget-container\">\n\t\t\t\t\t<h6 class=\"elementor-heading-title elementor-size-default\">Plataforma de aprendizagem online RESTORE, que acolhe todos os resultados produzidos<\/h6>\t\t\t\t<\/div>\n\t\t\t\t<\/div>\n\t\t\t\t<\/div>\n\t\t\t\t<\/div>\n\t\t<div class=\"elementor-element elementor-element-e78b7bb e-con-full e-flex e-con e-child\" data-id=\"e78b7bb\" data-element_type=\"container\" data-e-type=\"container\">\n\t\t<div class=\"elementor-element elementor-element-561bea9 e-con-full e-flex e-con e-child\" data-id=\"561bea9\" data-element_type=\"container\" data-e-type=\"container\" data-settings=\"{&quot;background_background&quot;:&quot;classic&quot;,&quot;position&quot;:&quot;absolute&quot;}\">\n\t\t\t\t<div class=\"elementor-element elementor-element-5961dfd elementor-widget elementor-widget-the7-heading\" data-id=\"5961dfd\" data-element_type=\"widget\" data-e-type=\"widget\" data-widget_type=\"the7-heading.default\">\n\t\t\t\t<div class=\"elementor-widget-container\">\n\t\t\t\t\t<h3 class=\"the7-heading-title elementor-size-default\">04<\/h3>\t\t\t\t<\/div>\n\t\t\t\t<\/div>\n\t\t\t\t<\/div>\n\t\t<div class=\"elementor-element elementor-element-00bea81 e-con-full e-flex e-con e-child\" data-id=\"00bea81\" data-element_type=\"container\" data-e-type=\"container\">\n\t\t\t\t<div class=\"elementor-element elementor-element-bdeb3eb elementor-widget elementor-widget-heading\" data-id=\"bdeb3eb\" data-element_type=\"widget\" data-e-type=\"widget\" data-widget_type=\"heading.default\">\n\t\t\t\t<div class=\"elementor-widget-container\">\n\t\t\t\t\t<h6 class=\"elementor-heading-title elementor-size-default\">Dia aberto RESTORE, com a presen\u00e7a de 30 participantes<\/h6>\t\t\t\t<\/div>\n\t\t\t\t<\/div>\n\t\t\t\t<\/div>\n\t\t<div class=\"elementor-element elementor-element-bb91ebc e-con-full e-flex e-con e-child\" data-id=\"bb91ebc\" data-element_type=\"container\" data-e-type=\"container\">\n\t\t\t\t<div class=\"elementor-element elementor-element-485db36 content-align-mobile-right content-align-left the7-hover-visibility-disabled preserve-img-ratio-cover transform-overlay-yes exceeding-frame-yes elementor-widget elementor-widget-the7-image-widget\" data-id=\"485db36\" data-element_type=\"widget\" data-e-type=\"widget\" data-settings=\"{&quot;hover_visibility&quot;:&quot;disabled&quot;}\" data-widget_type=\"the7-image-widget.default\">\n\t\t\t\t<div class=\"elementor-widget-container\">\n\t\t\t\t\t<div class=\"the7-image-container\"><div class=\"the7-image-wrapper the7-elementor-widget the7-transform-container\"><div class=\"post-thumbnail-rollover layzr-bg img-css-resize-wrapper\"><img decoding=\"async\" width=\"2560\" height=\"1709\" src=\"data:image\/svg+xml,%3Csvg%20xmlns%3D&#039;http%3A%2F%2Fwww.w3.org%2F2000%2Fsvg&#039;%20viewBox%3D&#039;0%200%202560%201709&#039;%2F%3E\" class=\"attachment-full size-full preload-me aspect lazy lazy-load\" alt=\"Result 4_RESTORE\" sizes=\"(max-width: 2560px) 100vw, 2560px\" style=\"--ratio: 2560 \/ 1709;\" data-src=\"https:\/\/restoretourism.eu\/wp-content\/uploads\/2025\/04\/Result-4_RESTORE-scaled.jpg\" loading=\"eager\" data-srcset=\"https:\/\/restoretourism.eu\/wp-content\/uploads\/2025\/04\/Result-4_RESTORE-scaled.jpg 2560w, https:\/\/restoretourism.eu\/wp-content\/uploads\/2025\/04\/Result-4_RESTORE-300x200.jpg 300w, https:\/\/restoretourism.eu\/wp-content\/uploads\/2025\/04\/Result-4_RESTORE-1024x683.jpg 1024w, https:\/\/restoretourism.eu\/wp-content\/uploads\/2025\/04\/Result-4_RESTORE-768x513.jpg 768w, https:\/\/restoretourism.eu\/wp-content\/uploads\/2025\/04\/Result-4_RESTORE-1536x1025.jpg 1536w, https:\/\/restoretourism.eu\/wp-content\/uploads\/2025\/04\/Result-4_RESTORE-2048x1367.jpg 2048w, https:\/\/restoretourism.eu\/wp-content\/uploads\/2025\/04\/Result-4_RESTORE-600x400.jpg 600w\" \/><\/div><\/div><\/div>\t\t\t\t<\/div>\n\t\t\t\t<\/div>\n\t\t\t\t<\/div>\n\t\t\t\t<\/div>\n\t\t\t\t\t<\/div>\n\t\t\t\t<\/div>\n\t\t\t\t\t<\/div>\n\t\t\t\t<\/div>\n\t\t\t\t<\/div>\n\t\t\t\t<\/div>\n\t\t","protected":false},"excerpt":{"rendered":"<p>01 RESTORE Forma\u00e7\u00e3o de Formadores &#8211; Curso Online Aberto em Massa, pilotado com 20 formadores de RH\/adultos 02 Curso de forma\u00e7\u00e3o RESTORE pilotado com 20 empres\u00e1rios e profissionais de MPMEs do sector do turismo 03 Plataforma de aprendizagem online RESTORE, que acolhe todos os resultados produzidos 04 Dia aberto RESTORE, com a presen\u00e7a de 30&hellip;<\/p>\n","protected":false},"author":1,"featured_media":0,"parent":0,"menu_order":20,"comment_status":"closed","ping_status":"closed","template":"","meta":{"footnotes":""},"class_list":["post-39318","page","type-page","status-publish","hentry"],"_links":{"self":[{"href":"https:\/\/restoretourism.eu\/pt-pt\/wp-json\/wp\/v2\/pages\/39318","targetHints":{"allow":["GET"]}}],"collection":[{"href":"https:\/\/restoretourism.eu\/pt-pt\/wp-json\/wp\/v2\/pages"}],"about":[{"href":"https:\/\/restoretourism.eu\/pt-pt\/wp-json\/wp\/v2\/types\/page"}],"author":[{"embeddable":true,"href":"https:\/\/restoretourism.eu\/pt-pt\/wp-json\/wp\/v2\/users\/1"}],"replies":[{"embeddable":true,"href":"https:\/\/restoretourism.eu\/pt-pt\/wp-json\/wp\/v2\/comments?post=39318"}],"version-history":[{"count":1,"href":"https:\/\/restoretourism.eu\/pt-pt\/wp-json\/wp\/v2\/pages\/39318\/revisions"}],"predecessor-version":[{"id":39319,"href":"https:\/\/restoretourism.eu\/pt-pt\/wp-json\/wp\/v2\/pages\/39318\/revisions\/39319"}],"wp:attachment":[{"href":"https:\/\/restoretourism.eu\/pt-pt\/wp-json\/wp\/v2\/media?parent=39318"}],"curies":[{"name":"wp","href":"https:\/\/api.w.org\/{rel}","templated":true}]}}